{"id":112,"date":"2020-08-07T00:35:13","date_gmt":"2020-08-07T00:35:13","guid":{"rendered":"https:\/\/serenityrgservices.com\/?page_id=112"},"modified":"2020-09-21T21:57:23","modified_gmt":"2020-09-21T21:57:23","slug":"behavior-services-for-medicaid-waiver","status":"publish","type":"page","link":"https:\/\/serenityrgservices.com\/es\/behavior-services-for-medicaid-waiver\/","title":{"rendered":"Servicios De Comportamiento Para Medicaid Waiver"},"content":{"rendered":"<div data-elementor-type=\"wp-page\" data-elementor-id=\"112\" class=\"elementor elementor-112\">\n\t\t\t\t\t\t<section class=\"elementor-section elementor-top-section elementor-element elementor-element-6ecc2e1 elementor-section-height-min-height elementor-section-boxed elementor-section-height-default elementor-section-items-middle\" data-id=\"6ecc2e1\" data-element_type=\"section\" data-e-type=\"section\" data-settings=\"{&quot;background_background&quot;:&quot;gradient&quot;,&quot;shape_divider_bottom&quot;:&quot;wave-brush&quot;}\">\n\t\t\t\t\t<div class=\"elementor-shape elementor-shape-bottom\" aria-hidden=\"true\" data-negative=\"false\">\n\t\t\t<svg xmlns=\"http:\/\/www.w3.org\/2000\/svg\" viewbox=\"0 0 283.5 27.8\" preserveaspectratio=\"none\">\n\t<path class=\"elementor-shape-fill\" d=\"M283.5,9.7c0,0-7.3,4.3-14,4.6c-6.8,0.3-12.6,0-20.9-1.5c-11.3-2-33.1-10.1-44.7-5.7\ts-12.1,4.6-18,7.4c-6.6,3.2-20,9.6-36.6,9.3C131.6,23.5,99.5,7.2,86.3,8c-1.4,0.1-6.6,0.8-10.5,2c-3.8,1.2-9.4,3.8-17,4.7\tc-3.2,0.4-8.3,1.1-14.2,0.9c-1.5-0.1-6.3-0.4-12-1.6c-5.7-1.2-11-3.1-15.8-3.7C6.5,9.2,0,10.8,0,10.8V0h283.5V9.7z M260.8,11.3\tc-0.7-1-2-0.4-4.3-0.4c-2.3,0-6.1-1.2-5.8-1.1c0.3,0.1,3.1,1.5,6,1.9C259.7,12.2,261.4,12.3,260.8,11.3z M242.4,8.6\tc0,0-2.4-0.2-5.6-0.9c-3.2-0.8-10.3-2.8-15.1-3.5c-8.2-1.1-15.8,0-15.1,0.1c0.8,0.1,9.6-0.6,17.6,1.1c3.3,0.7,9.3,2.2,12.4,2.7\tC239.9,8.7,242.4,8.6,242.4,8.6z M185.2,8.5c1.7-0.7-13.3,4.7-18.5,6.1c-2.1,0.6-6.2,1.6-10,2c-3.9,0.4-8.9,0.4-8.8,0.5\tc0,0.2,5.8,0.8,11.2,0c5.4-0.8,5.2-1.1,7.6-1.6C170.5,14.7,183.5,9.2,185.2,8.5z M199.1,6.9c0.2,0-0.8-0.4-4.8,1.1\tc-4,1.5-6.7,3.5-6.9,3.7c-0.2,0.1,3.5-1.8,6.6-3C197,7.5,199,6.9,199.1,6.9z M283,6c-0.1,0.1-1.9,1.1-4.8,2.5s-6.9,2.8-6.7,2.7\tc0.2,0,3.5-0.6,7.4-2.5C282.8,6.8,283.1,5.9,283,6z M31.3,11.6c0.1-0.2-1.9-0.2-4.5-1.2s-5.4-1.6-7.8-2C15,7.6,7.3,8.5,7.7,8.6\tC8,8.7,15.9,8.3,20.2,9.3c2.2,0.5,2.4,0.5,5.7,1.6S31.2,11.9,31.3,11.6z M73,9.2c0.4-0.1,3.5-1.6,8.4-2.6c4.9-1.1,8.9-0.5,8.9-0.8\tc0-0.3-1-0.9-6.2-0.3S72.6,9.3,73,9.2z M71.6,6.7C71.8,6.8,75,5.4,77.3,5c2.3-0.3,1.9-0.5,1.9-0.6c0-0.1-1.1-0.2-2.7,0.2\tC74.8,5.1,71.4,6.6,71.6,6.7z M93.6,4.4c0.1,0.2,3.5,0.8,5.6,1.8c2.1,1,1.8,0.6,1.9,0.5c0.1-0.1-0.8-0.8-2.4-1.3\tC97.1,4.8,93.5,4.2,93.6,4.4z M65.4,11.1c-0.1,0.3,0.3,0.5,1.9-0.2s2.6-1.3,2.2-1.2s-0.9,0.4-2.5,0.8C65.3,10.9,65.5,10.8,65.4,11.1\tz M34.5,12.4c-0.2,0,2.1,0.8,3.3,0.9c1.2,0.1,2,0.1,2-0.2c0-0.3-0.1-0.5-1.6-0.4C36.6,12.8,34.7,12.4,34.5,12.4z M152.2,21.1\tc-0.1,0.1-2.4-0.3-7.5-0.3c-5,0-13.6-2.4-17.2-3.5c-3.6-1.1,10,3.9,16.5,4.1C150.5,21.6,152.3,21,152.2,21.1z\"\/>\n\t<path class=\"elementor-shape-fill\" d=\"M269.6,18c-0.1-0.1-4.6,0.3-7.2,0c-7.3-0.7-17-3.2-16.6-2.9c0.4,0.3,13.7,3.1,17,3.3\tC267.7,18.8,269.7,18,269.6,18z\"\/>\n\t<path class=\"elementor-shape-fill\" d=\"M227.4,9.8c-0.2-0.1-4.5-1-9.5-1.2c-5-0.2-12.7,0.6-12.3,0.5c0.3-0.1,5.9-1.8,13.3-1.2\tS227.6,9.9,227.4,9.8z\"\/>\n\t<path class=\"elementor-shape-fill\" d=\"M204.5,13.4c-0.1-0.1,2-1,3.2-1.1c1.2-0.1,2,0,2,0.3c0,0.3-0.1,0.5-1.6,0.4\tC206.4,12.9,204.6,13.5,204.5,13.4z\"\/>\n\t<path class=\"elementor-shape-fill\" d=\"M201,10.6c0-0.1-4.4,1.2-6.3,2.2c-1.9,0.9-6.2,3.1-6.1,3.1c0.1,0.1,4.2-1.6,6.3-2.6\tS201,10.7,201,10.6z\"\/>\n\t<path class=\"elementor-shape-fill\" d=\"M154.5,26.7c-0.1-0.1-4.6,0.3-7.2,0c-7.3-0.7-17-3.2-16.6-2.9c0.4,0.3,13.7,3.1,17,3.3\tC152.6,27.5,154.6,26.8,154.5,26.7z\"\/>\n\t<path class=\"elementor-shape-fill\" d=\"M41.9,19.3c0,0,1.2-0.3,2.9-0.1c1.7,0.2,5.8,0.9,8.2,0.7c4.2-0.4,7.4-2.7,7-2.6\tc-0.4,0-4.3,2.2-8.6,1.9c-1.8-0.1-5.1-0.5-6.7-0.4S41.9,19.3,41.9,19.3z\"\/>\n\t<path class=\"elementor-shape-fill\" d=\"M75.5,12.6c0.2,0.1,2-0.8,4.3-1.1c2.3-0.2,2.1-0.3,2.1-0.5c0-0.1-1.8-0.4-3.4,0\tC76.9,11.5,75.3,12.5,75.5,12.6z\"\/>\n\t<path class=\"elementor-shape-fill\" d=\"M15.6,13.2c0-0.1,4.3,0,6.7,0.5c2.4,0.5,5,1.9,5,2c0,0.1-2.7-0.8-5.1-1.4\tC19.9,13.7,15.7,13.3,15.6,13.2z\"\/>\n<\/svg>\t\t<\/div>\n\t\t\t\t\t<div class=\"elementor-container elementor-column-gap-default\">\n\t\t\t\t\t<div class=\"elementor-column elementor-col-100 elementor-top-column elementor-element elementor-element-c573dd9\" data-id=\"c573dd9\" data-element_type=\"column\" data-e-type=\"column\">\n\t\t\t<div class=\"elementor-widget-wrap elementor-element-populated\">\n\t\t\t\t\t\t<div class=\"elementor-element elementor-element-d67284f elementor-widget elementor-widget-heading\" data-id=\"d67284f\" data-element_type=\"widget\" data-e-type=\"widget\" data-widget_type=\"heading.default\">\n\t\t\t\t<div class=\"elementor-widget-container\">\n\t\t\t\t\t<h1 class=\"elementor-heading-title elementor-size-default\">Servicios De Comportamiento Para Medicaid Waiver<\/h1>\t\t\t\t<\/div>\n\t\t\t\t<\/div>\n\t\t\t\t\t<\/div>\n\t\t<\/div>\n\t\t\t\t\t<\/div>\n\t\t<\/section>\n\t\t\t\t<section class=\"elementor-section elementor-top-section elementor-element elementor-element-05c6146 elementor-section-boxed elementor-section-height-default elementor-section-height-default\" data-id=\"05c6146\" data-element_type=\"section\" data-e-type=\"section\">\n\t\t\t\t\t\t<div class=\"elementor-container elementor-column-gap-default\">\n\t\t\t\t\t<div class=\"elementor-column elementor-col-50 elementor-top-column elementor-element elementor-element-419211a\" data-id=\"419211a\" data-element_type=\"column\" data-e-type=\"column\">\n\t\t\t<div class=\"elementor-widget-wrap elementor-element-populated\">\n\t\t\t\t\t\t<div class=\"elementor-element elementor-element-1c64f6b elementor-widget elementor-widget-heading\" data-id=\"1c64f6b\" data-element_type=\"widget\" data-e-type=\"widget\" data-widget_type=\"heading.default\">\n\t\t\t\t<div class=\"elementor-widget-container\">\n\t\t\t\t\t<h2 class=\"elementor-heading-title elementor-size-default\">An\u00e1lisis De Comportamiento<\/h2>\t\t\t\t<\/div>\n\t\t\t\t<\/div>\n\t\t\t\t<div class=\"elementor-element elementor-element-8d86b1a elementor-widget elementor-widget-text-editor\" data-id=\"8d86b1a\" data-element_type=\"widget\" data-e-type=\"widget\" data-widget_type=\"text-editor.default\">\n\t\t\t\t<div class=\"elementor-widget-container\">\n\t\t\t\t\t\t\t\t\t<p>Los servicios de an\u00e1lisis de comportamiento se proporcionan para ayudar a los individuos mayores de 21 a aprender nuevas habilidades de reemplazo o aumentar las existentes directamente relacionadas con los comportamientos desafiantes existentes. Los comportamientos desafiantes incluyen aquellos comportamientos exhibidos por el individuo que representan un riesgo de da\u00f1o para el u otros. El an\u00e1lisis de la conducta incluye el dise\u00f1o, la implementaci\u00f3n y la evaluaci\u00f3n de los cambios ambientales que ayudan a comprender la conducta de un individuo y a producir un cambio significativo en la conducta del individuo que sea socialmente significativo.<\/p>\t\t\t\t\t\t\t\t<\/div>\n\t\t\t\t<\/div>\n\t\t\t\t<div class=\"elementor-element elementor-element-0a8c67c elementor-widget elementor-widget-heading\" data-id=\"0a8c67c\" data-element_type=\"widget\" data-e-type=\"widget\" data-widget_type=\"heading.default\">\n\t\t\t\t<div class=\"elementor-widget-container\">\n\t\t\t\t\t<h2 class=\"elementor-heading-title elementor-size-default\">Asistente De Comportamiento<\/h2>\t\t\t\t<\/div>\n\t\t\t\t<\/div>\n\t\t\t\t<div class=\"elementor-element elementor-element-e82b977 elementor-widget elementor-widget-text-editor\" data-id=\"e82b977\" data-element_type=\"widget\" data-e-type=\"widget\" data-widget_type=\"text-editor.default\">\n\t\t\t\t<div class=\"elementor-widget-container\">\n\t\t\t\t\t\t\t\t\t<p>El prop\u00f3sito principal de los servicios de asistente de comportamiento es brindar apoyo para implementar el plan de servicios de an\u00e1lisis de comportamiento creado por el analista.<\/p>\t\t\t\t\t\t\t\t<\/div>\n\t\t\t\t<\/div>\n\t\t\t\t\t<\/div>\n\t\t<\/div>\n\t\t\t\t<div class=\"elementor-column elementor-col-50 elementor-top-column elementor-element elementor-element-b5da004\" data-id=\"b5da004\" data-element_type=\"column\" data-e-type=\"column\">\n\t\t\t<div class=\"elementor-widget-wrap elementor-element-populated\">\n\t\t\t\t\t\t<div class=\"elementor-element elementor-element-58dfa0c elementor-widget elementor-widget-image\" data-id=\"58dfa0c\" data-element_type=\"widget\" data-e-type=\"widget\" data-widget_type=\"image.default\">\n\t\t\t\t<div class=\"elementor-widget-container\">\n\t\t\t\t\t\t\t\t\t\t\t\t\t\t\t<img fetchpriority=\"high\" decoding=\"async\" width=\"1024\" height=\"683\" src=\"https:\/\/i0.wp.com\/serenityrgservices.com\/wp-content\/uploads\/2020\/08\/shutterstock_1075845719.jpg?fit=1024%2C683&amp;ssl=1\" class=\"attachment-large size-large wp-image-1044\" alt=\"\" srcset=\"https:\/\/i0.wp.com\/serenityrgservices.com\/wp-content\/uploads\/2020\/08\/shutterstock_1075845719.jpg?w=1798&amp;ssl=1 1798w, https:\/\/i0.wp.com\/serenityrgservices.com\/wp-content\/uploads\/2020\/08\/shutterstock_1075845719.jpg?resize=300%2C200&amp;ssl=1 300w, https:\/\/i0.wp.com\/serenityrgservices.com\/wp-content\/uploads\/2020\/08\/shutterstock_1075845719.jpg?resize=1024%2C683&amp;ssl=1 1024w, https:\/\/i0.wp.com\/serenityrgservices.com\/wp-content\/uploads\/2020\/08\/shutterstock_1075845719.jpg?resize=768%2C513&amp;ssl=1 768w, https:\/\/i0.wp.com\/serenityrgservices.com\/wp-content\/uploads\/2020\/08\/shutterstock_1075845719.jpg?resize=1536%2C1025&amp;ssl=1 1536w\" sizes=\"(max-width: 1024px) 100vw, 1024px\" \/>\t\t\t\t\t\t\t\t\t\t\t\t\t\t\t<\/div>\n\t\t\t\t<\/div>\n\t\t\t\t\t<\/div>\n\t\t<\/div>\n\t\t\t\t\t<\/div>\n\t\t<\/section>\n\t\t\t\t<section class=\"elementor-section elementor-top-section elementor-element elementor-element-61e4424 elementor-section-boxed elementor-section-height-default elementor-section-height-default\" data-id=\"61e4424\" data-element_type=\"section\" data-e-type=\"section\" data-settings=\"{&quot;background_background&quot;:&quot;classic&quot;}\">\n\t\t\t\t\t\t<div class=\"elementor-container elementor-column-gap-default\">\n\t\t\t\t\t<div class=\"elementor-column elementor-col-100 elementor-top-column elementor-element elementor-element-b664b26\" data-id=\"b664b26\" data-element_type=\"column\" data-e-type=\"column\">\n\t\t\t<div class=\"elementor-widget-wrap elementor-element-populated\">\n\t\t\t\t\t\t<section class=\"elementor-section elementor-inner-section elementor-element elementor-element-29d151f elementor-section-boxed elementor-section-height-default elementor-section-height-default\" data-id=\"29d151f\" data-element_type=\"section\" data-e-type=\"section\" data-settings=\"{&quot;background_background&quot;:&quot;classic&quot;}\">\n\t\t\t\t\t\t<div class=\"elementor-container elementor-column-gap-wider\">\n\t\t\t\t\t<div class=\"elementor-column elementor-col-50 elementor-inner-column elementor-element elementor-element-94bb8a1\" data-id=\"94bb8a1\" data-element_type=\"column\" data-e-type=\"column\">\n\t\t\t<div class=\"elementor-widget-wrap elementor-element-populated\">\n\t\t\t\t\t\t<div class=\"elementor-element elementor-element-cfde06e animated-slow elementor-invisible elementor-widget elementor-widget-heading\" data-id=\"cfde06e\" data-element_type=\"widget\" data-e-type=\"widget\" data-settings=\"{&quot;_animation&quot;:&quot;fadeInLeft&quot;}\" data-widget_type=\"heading.default\">\n\t\t\t\t<div class=\"elementor-widget-container\">\n\t\t\t\t\t<h3 class=\"elementor-heading-title elementor-size-default\">Get started with us now<\/h3>\t\t\t\t<\/div>\n\t\t\t\t<\/div>\n\t\t\t\t\t<\/div>\n\t\t<\/div>\n\t\t\t\t<div class=\"elementor-column elementor-col-50 elementor-inner-column elementor-element elementor-element-2403d8f\" data-id=\"2403d8f\" data-element_type=\"column\" data-e-type=\"column\">\n\t\t\t<div class=\"elementor-widget-wrap elementor-element-populated\">\n\t\t\t\t\t\t<div class=\"elementor-element elementor-element-1d8495e animated-slow elementor-mobile-align-center elementor-align-left elementor-invisible elementor-widget elementor-widget-button\" data-id=\"1d8495e\" data-element_type=\"widget\" data-e-type=\"widget\" data-settings=\"{&quot;_animation&quot;:&quot;fadeInRight&quot;}\" data-widget_type=\"button.default\">\n\t\t\t\t<div class=\"elementor-widget-container\">\n\t\t\t\t\t\t\t\t\t<div class=\"elementor-button-wrapper\">\n\t\t\t\t\t<a class=\"elementor-button elementor-button-link elementor-size-md\" href=\"https:\/\/serenityrgservices.com\/es\/contact\/\">\n\t\t\t\t\t\t<span class=\"elementor-button-content-wrapper\">\n\t\t\t\t\t\t\t\t\t<span class=\"elementor-button-text\">Cont\u00e1ctenos<\/span>\n\t\t\t\t\t<\/span>\n\t\t\t\t\t<\/a>\n\t\t\t\t<\/div>\n\t\t\t\t\t\t\t\t<\/div>\n\t\t\t\t<\/div>\n\t\t\t\t\t<\/div>\n\t\t<\/div>\n\t\t\t\t\t<\/div>\n\t\t<\/section>\n\t\t\t\t\t<\/div>\n\t\t<\/div>\n\t\t\t\t\t<\/div>\n\t\t<\/section>\n\t\t\t\t<\/div>","protected":false},"excerpt":{"rendered":"<p>Behavior Services For Medicaid Waiver Behavior Analysis Behavior analysis services are provided to assist recipients to learn new, or increase existing, replacement skills directly related to existing challenging behaviors. Challenging behaviors include those behaviors exhibited by the recipient that pose risk of harm to the recipient or others.&nbsp;Behavior analysis includes the design, implementation, and evaluation [&hellip;]<\/p>\n","protected":false},"author":1,"featured_media":0,"parent":0,"menu_order":0,"comment_status":"closed","ping_status":"closed","template":"elementor_header_footer","meta":{"nf_dc_page":"","ocean_post_layout":"","ocean_both_sidebars_style":"","ocean_both_sidebars_content_width":0,"ocean_both_sidebars_sidebars_width":0,"ocean_sidebar":"","ocean_second_sidebar":"","ocean_disable_margins":"enable","ocean_add_body_class":"","ocean_shortcode_before_top_bar":"","ocean_shortcode_after_top_bar":"","ocean_shortcode_before_header":"","ocean_shortcode_after_header":"","ocean_has_shortcode":"","ocean_shortcode_after_title":"","ocean_shortcode_before_footer_widgets":"","ocean_shortcode_after_footer_widgets":"","ocean_shortcode_before_footer_bottom":"","ocean_shortcode_after_footer_bottom":"","ocean_display_top_bar":"default","ocean_display_header":"default","ocean_header_style":"","ocean_center_header_left_menu":"","ocean_custom_header_template":"","ocean_custom_logo":0,"ocean_custom_retina_logo":0,"ocean_custom_logo_max_width":0,"ocean_custom_logo_tablet_max_width":0,"ocean_custom_logo_mobile_max_width":0,"ocean_custom_logo_max_height":0,"ocean_custom_logo_tablet_max_height":0,"ocean_custom_logo_mobile_max_height":0,"ocean_header_custom_menu":"","ocean_menu_typo_font_family":"","ocean_menu_typo_font_subset":"","ocean_menu_typo_font_size":0,"ocean_menu_typo_font_size_tablet":0,"ocean_menu_typo_font_size_mobile":0,"ocean_menu_typo_font_size_unit":"px","ocean_menu_typo_font_weight":"","ocean_menu_typo_font_weight_tablet":"","ocean_menu_typo_font_weight_mobile":"","ocean_menu_typo_transform":"","ocean_menu_typo_transform_tablet":"","ocean_menu_typo_transform_mobile":"","ocean_menu_typo_line_height":0,"ocean_menu_typo_line_height_tablet":0,"ocean_menu_typo_line_height_mobile":0,"ocean_menu_typo_line_height_unit":"","ocean_menu_typo_spacing":0,"ocean_menu_typo_spacing_tablet":0,"ocean_menu_typo_spacing_mobile":0,"ocean_menu_typo_spacing_unit":"","ocean_menu_link_color":"","ocean_menu_link_color_hover":"","ocean_menu_link_color_active":"","ocean_menu_link_background":"","ocean_menu_link_hover_background":"","ocean_menu_link_active_background":"","ocean_menu_social_links_bg":"","ocean_menu_social_hover_links_bg":"","ocean_menu_social_links_color":"","ocean_menu_social_hover_links_color":"","ocean_disable_title":"default","ocean_disable_heading":"default","ocean_post_title":"","ocean_post_subheading":"","ocean_post_title_style":"","ocean_post_title_background_color":"","ocean_post_title_background":0,"ocean_post_title_bg_image_position":"","ocean_post_title_bg_image_attachment":"","ocean_post_title_bg_image_repeat":"","ocean_post_title_bg_image_size":"","ocean_post_title_height":0,"ocean_post_title_bg_overlay":0.5,"ocean_post_title_bg_overlay_color":"","ocean_disable_breadcrumbs":"default","ocean_breadcrumbs_color":"","ocean_breadcrumbs_separator_color":"","ocean_breadcrumbs_links_color":"","ocean_breadcrumbs_links_hover_color":"","ocean_display_footer_widgets":"default","ocean_display_footer_bottom":"default","ocean_custom_footer_template":"","footnotes":""},"class_list":["post-112","page","type-page","status-publish","hentry","entry"],"yoast_head":"<!-- This site is optimized with the Yoast SEO plugin v27.4 - https:\/\/yoast.com\/product\/yoast-seo-wordpress\/ -->\n<title>Behavior Services for Medicaid Waiver | Serenity RG Services<\/title>\n<meta name=\"robots\" content=\"index, follow, max-snippet:-1, max-image-preview:large, max-video-preview:-1\" \/>\n<link rel=\"canonical\" href=\"https:\/\/serenityrgservices.com\/es\/behavior-services-for-medicaid-waiver\/\" \/>\n<meta property=\"og:locale\" content=\"es_ES\" \/>\n<meta property=\"og:type\" content=\"article\" \/>\n<meta property=\"og:title\" content=\"Behavior Services for Medicaid Waiver | Serenity RG Services\" \/>\n<meta property=\"og:description\" content=\"Behavior Services For Medicaid Waiver Behavior Analysis Behavior analysis services are provided to assist recipients to learn new, or increase existing, replacement skills directly related to existing challenging behaviors. Challenging behaviors include those behaviors exhibited by the recipient that pose risk of harm to the recipient or others.&nbsp;Behavior analysis includes the design, implementation, and evaluation [&hellip;]\" \/>\n<meta property=\"og:url\" content=\"https:\/\/serenityrgservices.com\/es\/behavior-services-for-medicaid-waiver\/\" \/>\n<meta property=\"og:site_name\" content=\"Serenity RG Services\" \/>\n<meta property=\"article:publisher\" content=\"https:\/\/www.facebook.com\/Serenity-RG-Services-111549330694598\" \/>\n<meta property=\"article:modified_time\" content=\"2020-09-21T21:57:23+00:00\" \/>\n<meta property=\"og:image\" content=\"https:\/\/serenityrgservices.com\/wp-content\/uploads\/2020\/08\/shutterstock_1075845719-1024x683.jpg\" \/>\n<meta name=\"twitter:card\" content=\"summary_large_image\" \/>\n<meta name=\"twitter:label1\" content=\"Tiempo de lectura\" \/>\n\t<meta name=\"twitter:data1\" content=\"1 minuto\" \/>\n<script type=\"application\/ld+json\" class=\"yoast-schema-graph\">{\"@context\":\"https:\\\/\\\/schema.org\",\"@graph\":[{\"@type\":\"WebPage\",\"@id\":\"https:\\\/\\\/serenityrgservices.com\\\/behavior-services-for-medicaid-waiver\\\/\",\"url\":\"https:\\\/\\\/serenityrgservices.com\\\/behavior-services-for-medicaid-waiver\\\/\",\"name\":\"Behavior Services for Medicaid Waiver | Serenity RG Services\",\"isPartOf\":{\"@id\":\"https:\\\/\\\/serenityrgservices.com\\\/#website\"},\"primaryImageOfPage\":{\"@id\":\"https:\\\/\\\/serenityrgservices.com\\\/behavior-services-for-medicaid-waiver\\\/#primaryimage\"},\"image\":{\"@id\":\"https:\\\/\\\/serenityrgservices.com\\\/behavior-services-for-medicaid-waiver\\\/#primaryimage\"},\"thumbnailUrl\":\"https:\\\/\\\/serenityrgservices.com\\\/wp-content\\\/uploads\\\/2020\\\/08\\\/shutterstock_1075845719-1024x683.jpg\",\"datePublished\":\"2020-08-07T00:35:13+00:00\",\"dateModified\":\"2020-09-21T21:57:23+00:00\",\"breadcrumb\":{\"@id\":\"https:\\\/\\\/serenityrgservices.com\\\/behavior-services-for-medicaid-waiver\\\/#breadcrumb\"},\"inLanguage\":\"es\",\"potentialAction\":[{\"@type\":\"ReadAction\",\"target\":[\"https:\\\/\\\/serenityrgservices.com\\\/behavior-services-for-medicaid-waiver\\\/\"]}]},{\"@type\":\"ImageObject\",\"inLanguage\":\"es\",\"@id\":\"https:\\\/\\\/serenityrgservices.com\\\/behavior-services-for-medicaid-waiver\\\/#primaryimage\",\"url\":\"https:\\\/\\\/serenityrgservices.com\\\/wp-content\\\/uploads\\\/2020\\\/08\\\/shutterstock_1075845719-1024x683.jpg\",\"contentUrl\":\"https:\\\/\\\/serenityrgservices.com\\\/wp-content\\\/uploads\\\/2020\\\/08\\\/shutterstock_1075845719-1024x683.jpg\"},{\"@type\":\"BreadcrumbList\",\"@id\":\"https:\\\/\\\/serenityrgservices.com\\\/behavior-services-for-medicaid-waiver\\\/#breadcrumb\",\"itemListElement\":[{\"@type\":\"ListItem\",\"position\":1,\"name\":\"Home\",\"item\":\"https:\\\/\\\/serenityrgservices.com\\\/\"},{\"@type\":\"ListItem\",\"position\":2,\"name\":\"Behavior Services for Medicaid Waiver\"}]},{\"@type\":\"WebSite\",\"@id\":\"https:\\\/\\\/serenityrgservices.com\\\/#website\",\"url\":\"https:\\\/\\\/serenityrgservices.com\\\/\",\"name\":\"Serenity RG Services\",\"description\":\"Just another WordPress site\",\"publisher\":{\"@id\":\"https:\\\/\\\/serenityrgservices.com\\\/#organization\"},\"potentialAction\":[{\"@type\":\"SearchAction\",\"target\":{\"@type\":\"EntryPoint\",\"urlTemplate\":\"https:\\\/\\\/serenityrgservices.com\\\/?s={search_term_string}\"},\"query-input\":{\"@type\":\"PropertyValueSpecification\",\"valueRequired\":true,\"valueName\":\"search_term_string\"}}],\"inLanguage\":\"es\"},{\"@type\":\"Organization\",\"@id\":\"https:\\\/\\\/serenityrgservices.com\\\/#organization\",\"name\":\"Serenity RG Services\",\"url\":\"https:\\\/\\\/serenityrgservices.com\\\/\",\"logo\":{\"@type\":\"ImageObject\",\"inLanguage\":\"es\",\"@id\":\"https:\\\/\\\/serenityrgservices.com\\\/#\\\/schema\\\/logo\\\/image\\\/\",\"url\":\"https:\\\/\\\/serenityrgservices.com\\\/wp-content\\\/uploads\\\/2020\\\/08\\\/siteicon-1.png\",\"contentUrl\":\"https:\\\/\\\/serenityrgservices.com\\\/wp-content\\\/uploads\\\/2020\\\/08\\\/siteicon-1.png\",\"width\":507,\"height\":512,\"caption\":\"Serenity RG Services\"},\"image\":{\"@id\":\"https:\\\/\\\/serenityrgservices.com\\\/#\\\/schema\\\/logo\\\/image\\\/\"},\"sameAs\":[\"https:\\\/\\\/www.facebook.com\\\/Serenity-RG-Services-111549330694598\"]}]}<\/script>\n<!-- \/ Yoast SEO plugin. -->","yoast_head_json":{"title":"Behavior Services for Medicaid Waiver | Serenity RG Services","robots":{"index":"index","follow":"follow","max-snippet":"max-snippet:-1","max-image-preview":"max-image-preview:large","max-video-preview":"max-video-preview:-1"},"canonical":"https:\/\/serenityrgservices.com\/es\/behavior-services-for-medicaid-waiver\/","og_locale":"es_ES","og_type":"article","og_title":"Behavior Services for Medicaid Waiver | Serenity RG Services","og_description":"Behavior Services For Medicaid Waiver Behavior Analysis Behavior analysis services are provided to assist recipients to learn new, or increase existing, replacement skills directly related to existing challenging behaviors. Challenging behaviors include those behaviors exhibited by the recipient that pose risk of harm to the recipient or others.&nbsp;Behavior analysis includes the design, implementation, and evaluation [&hellip;]","og_url":"https:\/\/serenityrgservices.com\/es\/behavior-services-for-medicaid-waiver\/","og_site_name":"Serenity RG Services","article_publisher":"https:\/\/www.facebook.com\/Serenity-RG-Services-111549330694598","article_modified_time":"2020-09-21T21:57:23+00:00","og_image":[{"url":"https:\/\/serenityrgservices.com\/wp-content\/uploads\/2020\/08\/shutterstock_1075845719-1024x683.jpg","type":"","width":"","height":""}],"twitter_card":"summary_large_image","twitter_misc":{"Tiempo de lectura":"1 minuto"},"schema":{"@context":"https:\/\/schema.org","@graph":[{"@type":"WebPage","@id":"https:\/\/serenityrgservices.com\/behavior-services-for-medicaid-waiver\/","url":"https:\/\/serenityrgservices.com\/behavior-services-for-medicaid-waiver\/","name":"Behavior Services for Medicaid Waiver | Serenity RG Services","isPartOf":{"@id":"https:\/\/serenityrgservices.com\/#website"},"primaryImageOfPage":{"@id":"https:\/\/serenityrgservices.com\/behavior-services-for-medicaid-waiver\/#primaryimage"},"image":{"@id":"https:\/\/serenityrgservices.com\/behavior-services-for-medicaid-waiver\/#primaryimage"},"thumbnailUrl":"https:\/\/serenityrgservices.com\/wp-content\/uploads\/2020\/08\/shutterstock_1075845719-1024x683.jpg","datePublished":"2020-08-07T00:35:13+00:00","dateModified":"2020-09-21T21:57:23+00:00","breadcrumb":{"@id":"https:\/\/serenityrgservices.com\/behavior-services-for-medicaid-waiver\/#breadcrumb"},"inLanguage":"es","potentialAction":[{"@type":"ReadAction","target":["https:\/\/serenityrgservices.com\/behavior-services-for-medicaid-waiver\/"]}]},{"@type":"ImageObject","inLanguage":"es","@id":"https:\/\/serenityrgservices.com\/behavior-services-for-medicaid-waiver\/#primaryimage","url":"https:\/\/serenityrgservices.com\/wp-content\/uploads\/2020\/08\/shutterstock_1075845719-1024x683.jpg","contentUrl":"https:\/\/serenityrgservices.com\/wp-content\/uploads\/2020\/08\/shutterstock_1075845719-1024x683.jpg"},{"@type":"BreadcrumbList","@id":"https:\/\/serenityrgservices.com\/behavior-services-for-medicaid-waiver\/#breadcrumb","itemListElement":[{"@type":"ListItem","position":1,"name":"Home","item":"https:\/\/serenityrgservices.com\/"},{"@type":"ListItem","position":2,"name":"Behavior Services for Medicaid Waiver"}]},{"@type":"WebSite","@id":"https:\/\/serenityrgservices.com\/#website","url":"https:\/\/serenityrgservices.com\/","name":"Serenity RG Services","description":"Just another WordPress site","publisher":{"@id":"https:\/\/serenityrgservices.com\/#organization"},"potentialAction":[{"@type":"SearchAction","target":{"@type":"EntryPoint","urlTemplate":"https:\/\/serenityrgservices.com\/?s={search_term_string}"},"query-input":{"@type":"PropertyValueSpecification","valueRequired":true,"valueName":"search_term_string"}}],"inLanguage":"es"},{"@type":"Organization","@id":"https:\/\/serenityrgservices.com\/#organization","name":"Serenity RG Services","url":"https:\/\/serenityrgservices.com\/","logo":{"@type":"ImageObject","inLanguage":"es","@id":"https:\/\/serenityrgservices.com\/#\/schema\/logo\/image\/","url":"https:\/\/serenityrgservices.com\/wp-content\/uploads\/2020\/08\/siteicon-1.png","contentUrl":"https:\/\/serenityrgservices.com\/wp-content\/uploads\/2020\/08\/siteicon-1.png","width":507,"height":512,"caption":"Serenity RG Services"},"image":{"@id":"https:\/\/serenityrgservices.com\/#\/schema\/logo\/image\/"},"sameAs":["https:\/\/www.facebook.com\/Serenity-RG-Services-111549330694598"]}]}},"jetpack_sharing_enabled":true,"_links":{"self":[{"href":"https:\/\/serenityrgservices.com\/es\/wp-json\/wp\/v2\/pages\/112","targetHints":{"allow":["GET"]}}],"collection":[{"href":"https:\/\/serenityrgservices.com\/es\/wp-json\/wp\/v2\/pages"}],"about":[{"href":"https:\/\/serenityrgservices.com\/es\/wp-json\/wp\/v2\/types\/page"}],"author":[{"embeddable":true,"href":"https:\/\/serenityrgservices.com\/es\/wp-json\/wp\/v2\/users\/1"}],"replies":[{"embeddable":true,"href":"https:\/\/serenityrgservices.com\/es\/wp-json\/wp\/v2\/comments?post=112"}],"version-history":[{"count":5,"href":"https:\/\/serenityrgservices.com\/es\/wp-json\/wp\/v2\/pages\/112\/revisions"}],"predecessor-version":[{"id":1237,"href":"https:\/\/serenityrgservices.com\/es\/wp-json\/wp\/v2\/pages\/112\/revisions\/1237"}],"wp:attachment":[{"href":"https:\/\/serenityrgservices.com\/es\/wp-json\/wp\/v2\/media?parent=112"}],"curies":[{"name":"wp","href":"https:\/\/api.w.org\/{rel}","templated":true}]}}